{"id":102,"date":"2018-01-31T13:03:31","date_gmt":"2018-01-31T13:03:31","guid":{"rendered":"https:\/\/wplive.site\/wp\/md\/optima\/?page_id=102"},"modified":"2025-12-07T19:17:36","modified_gmt":"2025-12-07T22:17:36","slug":"neuropsicolux-educacao","status":"publish","type":"page","link":"https:\/\/neuropsicolux.com.br\/index.php\/neuropsicolux-educacao\/","title":{"rendered":"Neuropsicolux Educa\u00e7\u00e3o"},"content":{"rendered":"<div class=\"wpb-content-wrapper\">[vc_row][vc_column width=&#8221;1\/2&#8243;][vc_empty_space height=&#8221;0.8vh&#8221;][vc_custom_heading text=&#8221;APRENDA COM A LUX&#8221; font_container=&#8221;tag:h2|font_size:14|text_align:left|color:%235c656d|line_height:1.5&#8243; google_fonts=&#8221;font_family:Lato%3A100%2C100italic%2C300%2C300italic%2Cregular%2Citalic%2C700%2C700italic%2C900%2C900italic|font_style:700%20bold%20regular%3A700%3Anormal&#8221; css=&#8221;&#8221;][vc_empty_space height=&#8221;1.2vh&#8221;][vc_custom_heading text=&#8221;Conhe\u00e7a nossa forma\u00e7\u00e3o <span>Para Profissionais e Familiares<\/span>&#8221; font_container=&#8221;tag:h2|font_size:36|text_align:left|color:%2342474c|line_height:1.5&#8243; google_fonts=&#8221;font_family:Lato%3A100%2C100italic%2C300%2C300italic%2Cregular%2Citalic%2C700%2C700italic%2C900%2C900italic|font_style:300%20light%20regular%3A300%3Anormal&#8221; css=&#8221;&#8221;][vc_empty_space height=&#8221;1.4vh&#8221;][vc_separator color=&#8221;custom&#8221; align=&#8221;align_left&#8221; el_width=&#8221;75px&#8221; accent_color=&#8221;#d9e0e4&#8243;][vc_empty_space height=&#8221;3vh&#8221;][gt3_custom_text text_color=&#8221;#5c656d&#8221; font_size=&#8221;18&#8243; line_height=&#8221;165&#8243; use_theme_fonts=&#8221;&#8221; google_fonts_text=&#8221;font_family:Lato%3A100%2C100italic%2C300%2C300italic%2Cregular%2Citalic%2C700%2C700italic%2C900%2C900italic|font_style:300%20light%20regular%3A300%3Anormal&#8221;]No dia a dia da pr\u00e1tica cl\u00ednica, entendemos que o ser humano \u00e9 central no tratamento do paciente, seja o pai, o terapeuta, a escola, o colega de terapia, enfim todos aqueles que fazem parte do ecosistema do tratamento. Para isto desenvolvemos uma metodologia de cursos para orienta\u00e7\u00e3o de todos ao redor do nosso paciente, ou at\u00e9 mesmo, para melhoria da pr\u00e1tica cl\u00ednica e da ci\u00eancia no \u00e2mbito coletivo da sociedade como um todo.<\/p>\n<p>&nbsp;<\/p>\n<p>&#8220;Uma sociedade s\u00f3 caminha para inclus\u00e3o quando se informa&#8221;<\/p>\n<p><strong>Luciana Xavier<\/strong>[\/gt3_custom_text][vc_empty_space height=&#8221;4vh&#8221;][vc_empty_space height=&#8221;3vh&#8221;][\/vc_column][vc_column width=&#8221;1\/2&#8243;][vc_single_image image=&#8221;1282&#8243; img_size=&#8221;full&#8221; css=&#8221;.vc_custom_1738780503150{margin: 24px !important;}&#8221;][gt3_button button_title=&#8221;ADQUIRA AGORA!&#8221; button_alignment=&#8221;center&#8221; btn_border_radius=&#8221;5px&#8221; use_theme_fonts_button=&#8221;&#8221; google_fonts_button=&#8221;font_family:Lato%3A100%2C100italic%2C300%2C300italic%2Cregular%2Citalic%2C700%2C700italic%2C900%2C900italic|font_style:700%20bold%20regular%3A700%3Anormal&#8221; css=&#8221;.vc_custom_1738780485347{margin-top: 24px !important;padding-top: 17px !important;padding-right: 50px !important;padding-bottom: 17px !important;padding-left: 50px !important;}&#8221; link=&#8221;url:https%3A%2F%2Fhotmart.com%2Fpt-br%2Fmarketplace%2Fprodutos%2Fautismo-em-meninas%2FD75876373B&#8221;][\/vc_column][\/vc_row][vc_row full_width=&#8221;stretch_row&#8221; css=&#8221;.vc_custom_1514286121156{background-color: #f6f8f9 !important;}&#8221;][vc_column][vc_empty_space height=&#8221;4.1vh&#8221;][vc_custom_heading text=&#8221;CURSOS ONLINE&#8221; font_container=&#8221;tag:h2|font_size:14|text_align:center|color:%235c656d|line_height:1.5&#8243; google_fonts=&#8221;font_family:Lato%3A100%2C100italic%2C300%2C300italic%2Cregular%2Citalic%2C700%2C700italic%2C900%2C900italic|font_style:700%20bold%20regular%3A700%3Anormal&#8221; css=&#8221;&#8221;][vc_empty_space height=&#8221;1vh&#8221;][vc_custom_heading text=&#8221;Aprenda a Potencializar a Fala, o Desenvolvimento com o Brincar e compreenda o <span>Autismo em Meninas<\/span>&#8221; font_container=&#8221;tag:h2|font_size:36|text_align:center|color:%2342474c|line_height:1.5&#8243; google_fonts=&#8221;font_family:Lato%3A100%2C100italic%2C300%2C300italic%2Cregular%2Citalic%2C700%2C700italic%2C900%2C900italic|font_style:300%20light%20regular%3A300%3Anormal&#8221; css=&#8221;&#8221;][vc_empty_space height=&#8221;1.5vh&#8221;][vc_separator color=&#8221;custom&#8221; el_width=&#8221;75px&#8221; accent_color=&#8221;#d9e0e4&#8243;][vc_empty_space height=&#8221;1.5vh&#8221;][\/vc_column][\/vc_row][vc_row full_width=&#8221;stretch_row&#8221; equal_height=&#8221;yes&#8221; css=&#8221;.vc_custom_1738799087885{background-color: #f6f8f9 !important;}&#8221;][vc_column width=&#8221;1\/3&#8243;][gt3_services box_image=&#8221;246&#8243; module_height=&#8221;300&#8243; custom_title_size=&#8221;36&#8243; title_color=&#8221;#ffffff&#8221; custom_index_number_size=&#8221;127&#8243; use_theme_fonts_box_index_number=&#8221;&#8221; google_fonts_box_index_number=&#8221;font_family:Lato%3A100%2C100italic%2C300%2C300italic%2Cregular%2Citalic%2C700%2C700italic%2C900%2C900italic|font_style:900%20bold%20regular%3A900%3Anormal&#8221; index_number_color=&#8221;rgba(255,255,255,0.2)&#8221; custom_content_size=&#8221;18&#8243; content_text_color=&#8221;#ffffff&#8221; box_hover_bg=&#8221;#4eaac8&#8243; title=&#8221;Cards de Estimula\u00e7\u00e3o da Linguagem&#8221; content_text=&#8221;Baseado em t\u00e9cnicas comprovadas da Terapia ABA para potencializar a capacidade de aten\u00e7\u00e3o focada, compartilhada e ampliar a riqueza de vocabul\u00e1rio da sua crian\u00e7a&#8221; link=&#8221;url:https%3A%2F%2Fgo.hotmart.com%2FA86915645E&#8221; index_number=&#8221;01&#8243;][\/vc_column][vc_column width=&#8221;1\/3&#8243;][gt3_services box_image=&#8221;498&#8243; module_height=&#8221;300&#8243; rotate_direction=&#8221;top&#8221; custom_title_size=&#8221;36&#8243; title_color=&#8221;#ffffff&#8221; custom_index_number_size=&#8221;127&#8243; use_theme_fonts_box_index_number=&#8221;&#8221; google_fonts_box_index_number=&#8221;font_family:Lato%3A100%2C100italic%2C300%2C300italic%2Cregular%2Citalic%2C700%2C700italic%2C900%2C900italic|font_style:900%20bold%20regular%3A900%3Anormal&#8221; index_number_color=&#8221;rgba(255,255,255,0.2)&#8221; custom_content_size=&#8221;18&#8243; content_text_color=&#8221;#ffffff&#8221; box_hover_bg=&#8221;#4eaac8&#8243; title=&#8221;Autismo e Elas&#8221; content_text=&#8221;Tudo o que voc\u00ea precisa saber sobre o autismo feminino e as principais comorbidades associadas em diferentes fases da vida, desde o diagn\u00f3stico at\u00e9 o tratamento e viv\u00eancias&#8221; index_number=&#8221;02&#8243; link=&#8221;url:https%3A%2F%2Fneuropsicolux.com.br%2Fautismo-elas%2F&#8221;][\/vc_column][vc_column width=&#8221;1\/3&#8243;][gt3_services box_image=&#8221;175&#8243; module_height=&#8221;300&#8243; rotate_direction=&#8221;right&#8221; custom_title_size=&#8221;36&#8243; title_color=&#8221;#ffffff&#8221; custom_index_number_size=&#8221;127&#8243; use_theme_fonts_box_index_number=&#8221;&#8221; google_fonts_box_index_number=&#8221;font_family:Lato%3A100%2C100italic%2C300%2C300italic%2Cregular%2Citalic%2C700%2C700italic%2C900%2C900italic|font_style:900%20bold%20regular%3A900%3Anormal&#8221; index_number_color=&#8221;rgba(255,255,255,0.2)&#8221; custom_content_size=&#8221;18&#8243; content_text_color=&#8221;#ffffff&#8221; box_hover_bg=&#8221;#4eaac8&#8243; title=&#8221;Potencializando o Desenvolvimento Infantil&#8221; content_text=&#8221;Counselling is available either as short or medium-term. Indeed, the differences between counsellors and psychotherapists&#8221; index_number=&#8221;03&#8243; link=&#8221;url:https%3A%2F%2Fapp.hotmart.com%2Fproducts%2Fmanage%2F837534&#8243;][\/vc_column][\/vc_row][vc_row full_width=&#8221;stretch_row&#8221; equal_height=&#8221;yes&#8221; css=&#8221;.vc_custom_1738799087885{background-color: #f6f8f9 !important;}&#8221;][vc_column][vc_empty_space][\/vc_column][\/vc_row][vc_row full_width=&#8221;stretch_row&#8221; css=&#8221;.vc_custom_1514363259917{background-color: #4eaac8 !important;}&#8221;][vc_column][vc_empty_space height=&#8221;2vh&#8221;][vc_cta h2=&#8221;Quer Saber Mais? <span>+55 11 94347-6881<\/span>&#8221; h2_font_container=&#8221;tag:h2|font_size:36|text_align:left|color:%23ffffff|line_height:1.5&#8243; h2_google_fonts=&#8221;font_family:Lato%3A100%2C100italic%2C300%2C300italic%2Cregular%2Citalic%2C700%2C700italic%2C900%2C900italic|font_style:300%20light%20regular%3A300%3Anormal&#8221; h4=&#8221;AVALIA\u00c7\u00c3O NEUROPSICOL\u00d3GICA, TERAPIAS MULTIDISCIPLINARES, ANAMNESE E PSICOPEDAGOGIA&#8221; h4_font_container=&#8221;tag:h2|font_size:13|text_align:left|color:%23ffffff|line_height:1.4&#8243; h4_google_fonts=&#8221;font_family:Lato%3A100%2C100italic%2C300%2C300italic%2Cregular%2Citalic%2C700%2C700italic%2C900%2C900italic|font_style:700%20bold%20regular%3A700%3Anormal&#8221; shape=&#8221;square&#8221; style=&#8221;custom&#8221; add_button=&#8221;right&#8221; btn_title=&#8221;FALE CONOSCO&#8221; btn_style=&#8221;custom&#8221; btn_custom_background=&#8221;#3d3272&#8243; btn_custom_text=&#8221;#ffffff&#8221; css=&#8221;&#8221; use_custom_fonts_h2=&#8221;true&#8221; use_custom_fonts_h4=&#8221;true&#8221; custom_background=&#8221;#4eaac8&#8243; custom_text=&#8221;#ffffff&#8221; btn_link=&#8221;url:https%3A%2F%2Fwa.me%2F5511943476881&#8243;][\/vc_cta][vc_empty_space height=&#8221;3.5vh&#8221;][\/vc_column][\/vc_row][vc_row equal_height=&#8221;yes&#8221;][vc_column][vc_empty_space height=&#8221;4vh&#8221;][\/vc_column][\/vc_row][vc_row equal_height=&#8221;yes&#8221;][vc_column width=&#8221;1\/2&#8243;][vc_single_image image=&#8221;1682&#8243; img_size=&#8221;large&#8221; style=&#8221;vc_box_shadow_circle&#8221; css=&#8221;&#8221;][vc_empty_space][\/vc_column][vc_column width=&#8221;1\/2&#8243;][vc_empty_space height=&#8221;7.9vh&#8221;][vc_custom_heading text=&#8221;CONHE\u00c7A NOSSA MENTORIA&#8221; font_container=&#8221;tag:h2|font_size:14|text_align:left|color:%235c656d|line_height:1.5&#8243; google_fonts=&#8221;font_family:Lato%3A100%2C100italic%2C300%2C300italic%2Cregular%2Citalic%2C700%2C700italic%2C900%2C900italic|font_style:700%20bold%20regular%3A700%3Anormal&#8221; css=&#8221;&#8221;][vc_empty_space height=&#8221;0.7vh&#8221;][vc_custom_heading text=&#8221;Cl\u00ednica <span>360<\/span>&#8221; font_container=&#8221;tag:h2|font_size:36|text_align:left|color:%23104D8A|line_height:1.5&#8243; google_fonts=&#8221;font_family:Lato%3A100%2C100italic%2C300%2C300italic%2Cregular%2Citalic%2C700%2C700italic%2C900%2C900italic|font_style:300%20light%20regular%3A300%3Anormal&#8221; css=&#8221;&#8221;][vc_empty_space height=&#8221;1.6vh&#8221;][vc_separator color=&#8221;custom&#8221; align=&#8221;align_left&#8221; el_width=&#8221;75px&#8221; accent_color=&#8221;#d9e0e4&#8243;][gt3_custom_text text_color=&#8221;#727e85&#8243; font_size=&#8221;18&#8243; line_height=&#8221;165&#8243;]Nossos <strong>Workshops e Mentorias Individuais\u00a0<\/strong>s\u00e3o orientados para profissionais e estudantes que pretendem se aprimorar.<\/p>\n<p><strong>No Workshop<\/strong> voc\u00ea aprende presencialmente com a Luciana Xavier e equipe, e com uma turma de at\u00e9 50 alunos, com din\u00e2micas de grupo, orienta\u00e7\u00e3o cl\u00ednica e materiais de estudo para avalia\u00e7\u00e3o neuropsicol\u00f3gica e acompanhamento terap\u00eautico.[\/gt3_custom_text][vc_empty_space height=&#8221;3vh&#8221;][vc_btn title=&#8221;Inscreva-se!&#8221; style=&#8221;gradient&#8221; align=&#8221;center&#8221; css=&#8221;&#8221; button_block=&#8221;true&#8221;][\/vc_column][\/vc_row][vc_row full_width=&#8221;stretch_row&#8221; disable_element=&#8221;yes&#8221; css=&#8221;.vc_custom_1738780962525{background-color: #f6f8f9 !important;}&#8221;][vc_column][vc_row_inner][vc_column_inner width=&#8221;1\/3&#8243;][vc_empty_space height=&#8221;6.1vh&#8221;][vc_custom_heading text=&#8221;WE HAVE BEST TEAM&#8221; font_container=&#8221;tag:h2|font_size:14|text_align:left|color:%235c656d|line_height:1.5&#8243; google_fonts=&#8221;font_family:Lato%3A100%2C100italic%2C300%2C300italic%2Cregular%2Citalic%2C700%2C700italic%2C900%2C900italic|font_style:700%20bold%20regular%3A700%3Anormal&#8221;][vc_empty_space height=&#8221;1vh&#8221;][vc_custom_heading text=&#8221;Meet Our <span>Counsellors<\/span>&#8221; font_container=&#8221;tag:h2|font_size:36|text_align:left|color:%2342474c|line_height:1.5&#8243; google_fonts=&#8221;font_family:Lato%3A100%2C100italic%2C300%2C300italic%2Cregular%2Citalic%2C700%2C700italic%2C900%2C900italic|font_style:300%20light%20regular%3A300%3Anormal&#8221;][vc_empty_space height=&#8221;3vh&#8221;][\/vc_column_inner][vc_column_inner width=&#8221;2\/3&#8243;][vc_empty_space height=&#8221;5.2vh&#8221;][gt3_custom_text text_color=&#8221;#727e85&#8243; font_size=&#8221;18&#8243; line_height=&#8221;165&#8243; use_theme_fonts=&#8221;&#8221; google_fonts_text=&#8221;font_family:Lato%3A100%2C100italic%2C300%2C300italic%2Cregular%2Citalic%2C700%2C700italic%2C900%2C900italic|font_style:300%20light%20regular%3A300%3Anormal&#8221;]We think it\u2019s really important that clinicians have a mixture of clinical skill and human qualities that mean you can place your trust in them. We interview every potential partner in person before we agree to work with them, as well as carrying out rigorous background checks.[\/gt3_custom_text][vc_empty_space height=&#8221;3vh&#8221;][\/vc_column_inner][\/vc_row_inner][vc_empty_space height=&#8221;1.4vh&#8221;]<div class=\"gt3_team_list\"><div class=\"gt3_team_list__posts-container row\"  data-build_query=\"size:3|order_by:date\" data-team_style=\"content_below\" data-posts_per_line=\"3\" data-items_load=\"4\" data-post_count=\"3\"><div class=\"gt3_team_list__grid-sizer span4\"><\/div><div class=\"gt3_team_list__grid-gutter\"><\/div><article class=\"gt3_team_list__item span4 psyhology gt3_team_list__item--1\"><div class=\"gt3_team_list__image-holder\"><a href=\"https:\/\/neuropsicolux.com.br\/index.php\/team\/dr-emma-scott\/\" class=\"gt3_team_list__image_link\"><div class=\"gt3_team_list__image-placeholder\" style=\"padding-bottom:100%;margin-bottom:-100%;background-color:#ACADB2;\"><\/div><img decoding=\"async\" src=\"https:\/\/neuropsicolux.com.br\/wp-content\/uploads\/2018\/01\/team_emma_scott-370x370.jpg\" srcset=\"https:\/\/neuropsicolux.com.br\/wp-content\/uploads\/2018\/01\/team_emma_scott-370x370.jpg 370w, https:\/\/neuropsicolux.com.br\/wp-content\/uploads\/2018\/01\/team_emma_scott-297x297.jpg 297w, https:\/\/neuropsicolux.com.br\/wp-content\/uploads\/2018\/01\/team_emma_scott-223x223.jpg 223w,https:\/\/neuropsicolux.com.br\/wp-content\/uploads\/2018\/01\/team_emma_scott-420x420.jpg 420w\" sizes=\"(min-width: 1200px) 370px, (min-width: 992px) 297px, (min-width: 768px) 223px, (max-width: 600px) 420px\" alt=\"\" \/><\/a><div class=\"gt3_team_list__content\"><a href=\"https:\/\/neuropsicolux.com.br\/index.php\/team\/dr-emma-scott\/\" class=\"gt3_team_list__title_link\"><h3 class=\"gt3_team_list__title\">Dr. Emma Scott<\/h3><\/a><div class=\"gt3_team_list__position\">Clinical Psyhologist<\/div><\/div><div class=\"gt3_team_list_social\"><a href=\"#\" class=\"gt3_team_list_social__item gt3_custom_color fa fa-facebook\" target=\"_blank\" data-hover-color=\"#1e73be\"\"><\/a><a href=\"#\" class=\"gt3_team_list_social__item gt3_custom_color fa fa-twitter\" target=\"_blank\" data-hover-color=\"#4eaac8\"\"><\/a><a href=\"#\" class=\"gt3_team_list_social__item gt3_custom_color fa fa-instagram\" target=\"_blank\" data-hover-color=\"#890c0c\"\"><\/a><a href=\"#\" class=\"gt3_team_list_social__item gt3_custom_color fa fa-google-plus\" target=\"_blank\" data-hover-color=\"#dd3333\"\"><\/a><\/div><\/div><\/article><article class=\"gt3_team_list__item span4 psychiatry gt3_team_list__item--2\"><div class=\"gt3_team_list__image-holder\"><a href=\"https:\/\/neuropsicolux.com.br\/index.php\/team\/dr-anna-walker\/\" class=\"gt3_team_list__image_link\"><div class=\"gt3_team_list__image-placeholder\" style=\"padding-bottom:100%;margin-bottom:-100%;background-color:#C7BDAE;\"><\/div><img decoding=\"async\" src=\"https:\/\/neuropsicolux.com.br\/wp-content\/uploads\/2018\/01\/team_02-370x370.jpg\" srcset=\"https:\/\/neuropsicolux.com.br\/wp-content\/uploads\/2018\/01\/team_02-370x370.jpg 370w, https:\/\/neuropsicolux.com.br\/wp-content\/uploads\/2018\/01\/team_02-297x297.jpg 297w, https:\/\/neuropsicolux.com.br\/wp-content\/uploads\/2018\/01\/team_02-223x223.jpg 223w,https:\/\/neuropsicolux.com.br\/wp-content\/uploads\/2018\/01\/team_02-420x420.jpg 420w\" sizes=\"(min-width: 1200px) 370px, (min-width: 992px) 297px, (min-width: 768px) 223px, (max-width: 600px) 420px\" alt=\"\" \/><\/a><div class=\"gt3_team_list__content\"><a href=\"https:\/\/neuropsicolux.com.br\/index.php\/team\/dr-anna-walker\/\" class=\"gt3_team_list__title_link\"><h3 class=\"gt3_team_list__title\">Dr. Anna Walker<\/h3><\/a><div class=\"gt3_team_list__position\">Consultant Psychiatrist<\/div><\/div><div class=\"gt3_team_list_social\"><a href=\"#\" class=\"gt3_team_list_social__item gt3_custom_color fa fa-facebook\" target=\"_blank\" data-hover-color=\"#1e73be\"\"><\/a><a href=\"#\" class=\"gt3_team_list_social__item gt3_custom_color fa fa-twitter\" target=\"_blank\" data-hover-color=\"#4eaac8\"\"><\/a><a href=\"#\" class=\"gt3_team_list_social__item gt3_custom_color fa fa-instagram\" target=\"_blank\" data-hover-color=\"#890c0c\"\"><\/a><a href=\"#\" class=\"gt3_team_list_social__item gt3_custom_color fa fa-google-plus\" target=\"_blank\" data-hover-color=\"#dd3333\"\"><\/a><\/div><\/div><\/article><article class=\"gt3_team_list__item span4 neurology gt3_team_list__item--3\"><div class=\"gt3_team_list__image-holder\"><a href=\"https:\/\/neuropsicolux.com.br\/index.php\/team\/dr-tom-stewart\/\" class=\"gt3_team_list__image_link\"><div class=\"gt3_team_list__image-placeholder\" style=\"padding-bottom:100%;margin-bottom:-100%;background-color:#B2B6BA;\"><\/div><img decoding=\"async\" src=\"https:\/\/neuropsicolux.com.br\/wp-content\/uploads\/2018\/01\/team_03-370x370.jpg\" srcset=\"https:\/\/neuropsicolux.com.br\/wp-content\/uploads\/2018\/01\/team_03-370x370.jpg 370w, https:\/\/neuropsicolux.com.br\/wp-content\/uploads\/2018\/01\/team_03-297x297.jpg 297w, https:\/\/neuropsicolux.com.br\/wp-content\/uploads\/2018\/01\/team_03-223x223.jpg 223w,https:\/\/neuropsicolux.com.br\/wp-content\/uploads\/2018\/01\/team_03-420x420.jpg 420w\" sizes=\"(min-width: 1200px) 370px, (min-width: 992px) 297px, (min-width: 768px) 223px, (max-width: 600px) 420px\" alt=\"\" \/><\/a><div class=\"gt3_team_list__content\"><a href=\"https:\/\/neuropsicolux.com.br\/index.php\/team\/dr-tom-stewart\/\" class=\"gt3_team_list__title_link\"><h3 class=\"gt3_team_list__title\">Dr. Tom Stewart<\/h3><\/a><div class=\"gt3_team_list__position\">Leading Neurologist<\/div><\/div><div class=\"gt3_team_list_social\"><a href=\"#\" class=\"gt3_team_list_social__item gt3_custom_color fa fa-facebook\" target=\"_blank\" data-hover-color=\"#1e73be\"\"><\/a><a href=\"#\" class=\"gt3_team_list_social__item gt3_custom_color fa fa-twitter\" target=\"_blank\" data-hover-color=\"#4eaac8\"\"><\/a><a href=\"#\" class=\"gt3_team_list_social__item gt3_custom_color fa fa-instagram\" target=\"_blank\" data-hover-color=\"#890c0c\"\"><\/a><a href=\"#\" class=\"gt3_team_list_social__item gt3_custom_color fa fa-google-plus\" target=\"_blank\" data-hover-color=\"#dd3333\"\"><\/a><\/div><\/div><\/article><\/div><\/div>[\/vc_column][\/vc_row]\n<\/div>","protected":false},"excerpt":{"rendered":"<p>[vc_row][vc_column width=&#8221;1\/2&#8243;][vc_empty_space height=&#8221;0.8vh&#8221;][vc_custom_heading text=&#8221;APRENDA COM A LUX&#8221; font_container=&#8221;tag:h2|font_size:14|text_align:left|color:%235c656d|line_height:1.5&#8243; google_fonts=&#8221;font_family:Lato%3A100%2C100italic%2C300%2C300italic%2Cregular%2Citalic%2C700%2C700italic%2C900%2C900italic|font_style:700%20bold%20regular%3A700%3Anormal&#8221; css=&#8221;&#8221;][vc_empty_space height=&#8221;1.2vh&#8221;][vc_custom_heading text=&#8221;Conhe\u00e7a nossa forma\u00e7\u00e3o Para Profissionais e Familiares&#8221; font_container=&#8221;tag:h2|font_size:36|text_align:left|color:%2342474c|line_height:1.5&#8243; google_fonts=&#8221;font_family:Lato%3A100%2C100italic%2C300%2C300italic%2Cregular%2Citalic%2C700%2C700italic%2C900%2C900italic|font_style:300%20light%20regular%3A300%3Anormal&#8221; css=&#8221;&#8221;][vc_empty_space height=&#8221;1.4vh&#8221;][vc_separator color=&#8221;custom&#8221; align=&#8221;align_left&#8221; el_width=&#8221;75px&#8221; accent_color=&#8221;#d9e0e4&#8243;][vc_empty_space height=&#8221;3vh&#8221;][gt3_custom_text text_color=&#8221;#5c656d&#8221; font_size=&#8221;18&#8243; line_height=&#8221;165&#8243; use_theme_fonts=&#8221;&#8221; google_fonts_text=&#8221;font_family:Lato%3A100%2C100italic%2C300%2C300italic%2Cregular%2Citalic%2C700%2C700italic%2C900%2C900italic|font_style:300%20light%20regular%3A300%3Anormal&#8221;]No dia a dia da pr\u00e1tica cl\u00ednica, entendemos que o ser humano \u00e9 central no tratamento do paciente, seja o pai, o terapeuta, a [&hellip;]<\/p>\n","protected":false},"author":1,"featured_media":1683,"parent":0,"menu_order":0,"comment_status":"closed","ping_status":"closed","template":"","meta":{"_et_pb_use_builder":"","_et_pb_old_content":"","_et_gb_content_width":"","footnotes":""},"class_list":["post-102","page","type-page","status-publish","has-post-thumbnail","hentry"],"_links":{"self":[{"href":"https:\/\/neuropsicolux.com.br\/index.php\/wp-json\/wp\/v2\/pages\/102","targetHints":{"allow":["GET"]}}],"collection":[{"href":"https:\/\/neuropsicolux.com.br\/index.php\/wp-json\/wp\/v2\/pages"}],"about":[{"href":"https:\/\/neuropsicolux.com.br\/index.php\/wp-json\/wp\/v2\/types\/page"}],"author":[{"embeddable":true,"href":"https:\/\/neuropsicolux.com.br\/index.php\/wp-json\/wp\/v2\/users\/1"}],"replies":[{"embeddable":true,"href":"https:\/\/neuropsicolux.com.br\/index.php\/wp-json\/wp\/v2\/comments?post=102"}],"version-history":[{"count":20,"href":"https:\/\/neuropsicolux.com.br\/index.php\/wp-json\/wp\/v2\/pages\/102\/revisions"}],"predecessor-version":[{"id":1684,"href":"https:\/\/neuropsicolux.com.br\/index.php\/wp-json\/wp\/v2\/pages\/102\/revisions\/1684"}],"wp:featuredmedia":[{"embeddable":true,"href":"https:\/\/neuropsicolux.com.br\/index.php\/wp-json\/wp\/v2\/media\/1683"}],"wp:attachment":[{"href":"https:\/\/neuropsicolux.com.br\/index.php\/wp-json\/wp\/v2\/media?parent=102"}],"curies":[{"name":"wp","href":"https:\/\/api.w.org\/{rel}","templated":true}]}}