{"id":39,"date":"2018-01-31T11:13:17","date_gmt":"2018-01-31T11:13:17","guid":{"rendered":"https:\/\/wplive.site\/wp\/md\/optima\/?page_id=39"},"modified":"2026-04-09T12:32:00","modified_gmt":"2026-04-09T15:32:00","slug":"home-i","status":"publish","type":"page","link":"https:\/\/neuropsicolux.com.br\/","title":{"rendered":""},"content":{"rendered":"<div class=\"wpb-content-wrapper\">[vc_row full_height=&#8221;yes&#8221; css=&#8221;.vc_custom_1775747958936{margin-top: -100px !important;margin-right: 0px !important;margin-bottom: 0px !important;margin-left: 0px !important;border-bottom-width: -50px !important;background-image: url(https:\/\/neuropsicolux.com.br\/wp-content\/uploads\/2025\/02\/points-1.png?id=1254) !important;background-position: center !important;background-repeat: no-repeat !important;background-size: cover !important;}&#8221;][vc_column css=&#8221;.vc_custom_1775747782880{margin-top: 0px !important;margin-right: 0px !important;margin-bottom: 0px !important;margin-left: 0px !important;padding-top: 0px !important;padding-right: 0px !important;padding-bottom: 0px !important;padding-left: 0px !important;background-position: 0 0 !important;background-repeat: no-repeat !important;}&#8221;][gt3_spacing height=&#8221;175px&#8221; responsive_es=&#8221;true&#8221; height_mobile=&#8221;100&#8243;][gt3_custom_text css_animation=&#8221;fadeInUp&#8221; text_color=&#8221;#DD9933&#8243; font_size=&#8221;20&#8243; line_height=&#8221;172&#8243; use_theme_fonts=&#8221;&#8221; google_fonts_text=&#8221;font_family:Lato%3A100%2C100italic%2C300%2C300italic%2Cregular%2Citalic%2C700%2C700italic%2C900%2C900italic|font_style:700%20bold%20regular%3A700%3Anormal&#8221;]<span>ABORDAGEM INTERDISCIPLINAR<\/span>[\/gt3_custom_text][gt3_spacing height=&#8221;11px&#8221;][gt3_custom_text css_animation=&#8221;fadeInUp&#8221; text_color=&#8221;#0C3961&#8243; font_size=&#8221;60&#8243; line_height=&#8221;117&#8243; responsive_font=&#8221;true&#8221; font_size_tablet=&#8221;40&#8243; font_size_mobile=&#8221;30&#8243;]<strong>Tratamentos Humanizados<\/strong>[\/gt3_custom_text][gt3_custom_text css_animation=&#8221;fadeInUp&#8221; text_color=&#8221;#0C3961&#8243; font_size=&#8221;60&#8243; line_height=&#8221;117&#8243; responsive_font=&#8221;true&#8221; font_size_tablet=&#8221;40&#8243; font_size_mobile=&#8221;30&#8243;]<span>para Superar Dificuldades<\/span>[\/gt3_custom_text][gt3_spacing height=&#8221;34px&#8221;][gt3_button button_title=&#8221;FALE CONOSCO&#8221; button_size=&#8221;large&#8221; btn_border_radius=&#8221;5px&#8221; btn_border_style=&#8221;none&#8221; css_animation=&#8221;fadeInRight&#8221; use_theme_button=&#8221;&#8221; btn_bg_color=&#8221;#1E73BE&#8221; btn_text_color=&#8221;#FFFFFF&#8221; btn_bg_color_hover=&#8221;#2B254B&#8221; btn_text_color_hover=&#8221;#ffffff&#8221; btn_icon_color=&#8221;#ffffff&#8221; btn_icon_color_hover=&#8221;#ffffff&#8221; btn_border_color=&#8221;#4eaac8&#8243; btn_border_color_hover=&#8221;#4eaac8&#8243; css=&#8221;.vc_custom_1775748255785{margin-right: 20px !important;}&#8221; link=&#8221;url:https%3A%2F%2Fapi.whatsapp.com%2Fsend%2F%3Fphone%3D5511943476881%26text%26type%3Dphone_number%26app_absent%3D0|target:_blank&#8221;][gt3_spacing height=&#8221;34px&#8221;][gt3_spacing height=&#8221;34px&#8221;][gt3_spacing height=&#8221;34px&#8221;][\/vc_column][\/vc_row][vc_row full_width=&#8221;stretch_row_content_no_spaces&#8221; equal_height=&#8221;yes&#8221; content_placement=&#8221;top&#8221; css=&#8221;.vc_custom_1513939060418{margin-bottom: 95px !important;}&#8221;][vc_column css_animation=&#8221;fadeInLeft&#8221; width=&#8221;1\/3&#8243; css=&#8221;.vc_custom_1513940974061{margin-top: 0px !important;margin-bottom: 0px !important;padding-top: 55px !important;padding-right: 18% !important;padding-bottom: 65px !important;padding-left: 12% !important;background-color: #271d57 !important;}&#8221;][gt3_custom_text text_color=&#8221;#ffffff&#8221; font_size=&#8221;42&#8243; line_height=&#8221;120&#8243; responsive_font=&#8221;true&#8221; font_size_mobile=&#8221;36&#8243;]<strong>01<\/strong>[\/gt3_custom_text][gt3_spacing height=&#8221;15px&#8221;][gt3_custom_text text_color=&#8221;#feffff&#8221; font_size=&#8221;16&#8243; line_height=&#8221;150&#8243;]\n<div class=\"gt3_custom_text\" data-color=\"#ffffff\"><strong><span class=\"OYPEnA font-feature-liga-off font-feature-clig-off font-feature-calt-off text-decoration-none text-strikethrough-none\">Profissionais Especializados<\/span><\/strong><span class=\"OYPEnA font-feature-liga-off font-feature-clig-off font-feature-calt-off text-decoration-none text-strikethrough-none white-space-prewrap\"><\/span><\/div>\n<div class=\"gt3_spacing\">\n<div class=\"gt3_spacing-height gt3_spacing-height_default\"><\/div>\n<\/div>\n<div class=\"gt3_custom_text\" data-color=\"#ffffff\"><span class=\"OYPEnA font-feature-liga-off font-feature-clig-off font-feature-calt-off text-decoration-none text-strikethrough-none\"><br \/>\nTemos mais de 30 especialistas multidisciplinares em nossa equipe, com mais 5 mil pacientes atendidos em todo o Brasil.<\/span><\/div>\n[\/gt3_custom_text][gt3_spacing height=&#8221;13px&#8221;][\/vc_column][vc_column css_animation=&#8221;fadeInUp&#8221; width=&#8221;1\/3&#8243; css=&#8221;.vc_custom_1513940984676{margin-top: 0px !important;margin-bottom: 0px !important;padding-top: 55px !important;padding-right: 18% !important;padding-bottom: 65px !important;padding-left: 12% !important;background-color: #4eaac8 !important;}&#8221;][gt3_custom_text text_color=&#8221;#ffffff&#8221; font_size=&#8221;42&#8243; line_height=&#8221;120&#8243; responsive_font=&#8221;true&#8221; font_size_mobile=&#8221;36&#8243;]<strong>02<\/strong>[\/gt3_custom_text][gt3_spacing height=&#8221;15px&#8221;][gt3_custom_text text_color=&#8221;#feffff&#8221; font_size=&#8221;16&#8243; line_height=&#8221;150&#8243;]\n<div class=\"gt3_custom_text\" data-color=\"#ffffff\"><strong><span class=\"OYPEnA font-feature-liga-off font-feature-clig-off font-feature-calt-off text-decoration-none text-strikethrough-none\">Atendimento onde e quando precisar<\/span><\/strong><\/div>\n<div class=\"gt3_spacing-height gt3_spacing-height_default\"><\/div>\n<div><\/div>\n<div class=\"gt3_custom_text\" data-color=\"#ffffff\"><span class=\"OYPEnA font-feature-liga-off font-feature-clig-off font-feature-calt-off text-decoration-none text-strikethrough-none\"><br \/>\nAtendemos pacientes de diversas formas para atingir o melhor resultado, seja presencial (ambiente cl\u00ednico), escolar, online, domiciliar ou h\u00edbrido.<\/span><\/div>\n[\/gt3_custom_text][gt3_spacing height=&#8221;13px&#8221;][\/vc_column][vc_column css_animation=&#8221;fadeInRight&#8221; width=&#8221;1\/3&#8243; css=&#8221;.vc_custom_1513940990165{margin-top: 0px !important;margin-bottom: 0px !important;padding-top: 55px !important;padding-right: 18% !important;padding-bottom: 65px !important;padding-left: 12% !important;background-color: #f6f8f9 !important;}&#8221;][gt3_custom_text text_color=&#8221;#42474c&#8221; font_size=&#8221;42&#8243; line_height=&#8221;120&#8243; responsive_font=&#8221;true&#8221; font_size_mobile=&#8221;36&#8243;]<strong>03<\/strong>[\/gt3_custom_text][gt3_spacing height=&#8221;15px&#8221;][gt3_custom_text text_color=&#8221;#42474c&#8221; font_size=&#8221;16&#8243; line_height=&#8221;150&#8243;]\n<div class=\"gt3_custom_text\" data-color=\"#ffffff\"><span class=\"OYPEnA font-feature-liga-off font-feature-clig-off font-feature-calt-off text-decoration-none text-strikethrough-none\">Cursos, treinamentos e palestras<\/span><span class=\"OYPEnA font-feature-liga-off font-feature-clig-off font-feature-calt-off text-decoration-none text-strikethrough-none white-space-prewrap\"><\/span><\/div>\n<div class=\"gt3_spacing\">\n<div class=\"gt3_spacing-height gt3_spacing-height_default\"><\/div>\n<\/div>\n<div class=\"gt3_custom_text\" data-color=\"#ffffff\"><span class=\"OYPEnA font-feature-liga-off font-feature-clig-off font-feature-calt-off text-decoration-none text-strikethrough-none\"><br \/>\nConhe\u00e7a nosso centro de educa\u00e7\u00e3o refer\u00eancia no Brasil, treinamento para profissionais e para fam\u00edlias que buscam se especializar.<\/span><\/div>\n[\/gt3_custom_text][gt3_spacing height=&#8221;13px&#8221;][\/vc_column][\/vc_row][vc_row css=&#8221;.vc_custom_1513947487010{margin-bottom: 90px !important;}&#8221;][vc_column css_animation=&#8221;fadeInLeft&#8221; width=&#8221;1\/2&#8243; css=&#8221;.vc_custom_1513947718877{margin-top: 0px !important;margin-bottom: 0px !important;padding-top: 0px !important;padding-bottom: 0px !important;}&#8221;][gt3_video_popup btn_color=&#8221;#ffffff&#8221; btn_bg_color=&#8221;rgba(8,3,31,0.7)&#8221; bg_image=&#8221;1264&#8243;][\/vc_column][vc_column css_animation=&#8221;fadeInRight&#8221; width=&#8221;1\/2&#8243; css=&#8221;.vc_custom_1513947725833{margin-top: 0px !important;margin-bottom: 0px !important;padding-top: 41px !important;padding-bottom: 10px !important;padding-left: 45px !important;}&#8221;][gt3_spacing height=&#8221;12px&#8221;][gt3_custom_text text_color=&#8221;#42474c&#8221; font_size=&#8221;36&#8243; line_height=&#8221;128&#8243;]\n<div class=\"gt3_custom_text\" data-color=\"#ffffff\">\n<p style=\"text-align: center;\">Quem \u00e9 a<span>\u00a0<\/span><strong>Lu<\/strong>?<\/p>\n<\/div>\n[\/gt3_custom_text][gt3_spacing height=&#8221;20px&#8221;][vc_separator color=&#8221;custom&#8221; align=&#8221;align_left&#8221; el_width=&#8221;75px&#8221; css=&#8221;.vc_custom_1513947445479{margin-bottom: 32px !important;}&#8221; accent_color=&#8221;#d9e0e4&#8243;][gt3_custom_text text_color=&#8221;#5c656d&#8221; font_size=&#8221;18&#8243; line_height=&#8221;167&#8243;]\n<p style=\"text-align: center;\">A Luciana Xavier \u00e9 a fundadora da Neuropsicolux, uma cl\u00ednica especializada em Sa\u00fade mental e cognitiva, desde a avalia\u00e7\u00e3o at\u00e9 o tratamento com foco na interdisciplinariedade guiado pela neuropsicologia. A cl\u00ednica \u00e9 refer\u00eancia na avalia\u00e7\u00e3o neuropsicol\u00f3gica e no tratamento do Autismo e TDAH, oferecendo suporte integral e personalizado para pessoas com diversos transtornos neurol\u00f3gicos e psicol\u00f3gicos.<\/p>\n<p style=\"text-align: center;\">Fundada com o objetivo de promover o bem-estar e a sa\u00fade mental, a Neuropsicolux se destaca pelo atendimento humanizado e pela aplica\u00e7\u00e3o de m\u00e9todos terap\u00eauticos inovadores e baseados em evid\u00eancias cient\u00edficas, contando com profissionais especialistas em ABA, entre outros protocolos modernos.<\/p>\n<div class=\"gt3_custom_text\" style=\"text-align: center;\" data-color=\"#ffffff\">\n<p>Luciana Xavier,<\/p>\n<p>Terapeuta<\/p><\/div>\n[\/gt3_custom_text][gt3_spacing height=&#8221;30px&#8221;][\/vc_column][\/vc_row][vc_row full_width=&#8221;stretch_row&#8221; css=&#8221;.vc_custom_1513954567668{padding-top: 76px !important;padding-bottom: 5px !important;background-color: #f6f8f9 !important;}&#8221;][vc_column css=&#8221;.vc_custom_1513951639015{margin-top: 0px !important;margin-bottom: 0px !important;padding-top: 0px !important;padding-bottom: 0px !important;}&#8221;][gt3_spacing height=&#8221;15px&#8221;][gt3_custom_text text_color=&#8221;#42474c&#8221; font_size=&#8221;36&#8243; line_height=&#8221;128&#8243;]\n<div class=\"gt3_custom_text\" data-color=\"#ffffff\">\n<p style=\"text-align: center;\">Escolha o tratamento que voc\u00ea procura<\/p>\n<\/div>\n[\/gt3_custom_text][gt3_spacing height=&#8221;20px&#8221;][vc_separator color=&#8221;custom&#8221; el_width=&#8221;75px&#8221; css=&#8221;.vc_custom_1519031816989{margin-bottom: 50px !important;}&#8221; accent_color=&#8221;#d9e0e4&#8243;]<div class=\"gt3_portfolio_list\"><div class=\"gt3_portfolio_list__posts-container row \" data-build_query=\"size:3|order_by:date|by_id:493,495,293\" data-portfolio_style=\"content_below\" data-portfolio_content=\"title_exerpt\" data-content_letter_count=\"85\" data-portfolio_layout=\"grid\" data-columns_with_spaces=\"yes\" data-rounded_images=\"yes\" data-posts_per_line=\"3\" data-image_proportional=\"native\" data-items_load=\"4\" data-post_count=\"3\"><div class=\"gt3_portfolio_list__grid-sizer span4\"><\/div><div class=\"gt3_portfolio_list__grid-gutter\"><\/div><article class=\"gt3_portfolio_list__item span4 psychology therapy gt3_portfolio_list__item--image_native gt3_portfolio_list__item--1\"><div class=\"gt3_portfolio_list__image-holder\"><a href=\"https:\/\/neuropsicolux.com.br\/index.php\/portfolio\/neuropsicologia\/\" class=\"gt3_portfolio_list__image_link\"><div class=\"gt3_portfolio_list__image-placeholder\" style=\"padding-bottom:66.6666666667%;margin-bottom:-66.6666666667%;background-color:#C8C1C1;\"><\/div><img decoding=\"async\" src=\"https:\/\/neuropsicolux.com.br\/wp-content\/uploads\/2018\/02\/img_post_blog_02-370x246.jpg\" srcset=\"https:\/\/neuropsicolux.com.br\/wp-content\/uploads\/2018\/02\/img_post_blog_02-370x246.jpg 370w, https:\/\/neuropsicolux.com.br\/wp-content\/uploads\/2018\/02\/img_post_blog_02-297x198.jpg 297w, https:\/\/neuropsicolux.com.br\/wp-content\/uploads\/2018\/02\/img_post_blog_02-223x148.jpg 223w,https:\/\/neuropsicolux.com.br\/wp-content\/uploads\/2018\/02\/img_post_blog_02-420x280.jpg 420w\" sizes=\"(min-width: 1200px) 370px, (min-width: 992px) 297px, (min-width: 768px) 223px, (max-width: 600px) 420px\" alt=\"\" \/><\/a><\/div><div class=\"gt3_portfolio_list__content\"><a href=\"https:\/\/neuropsicolux.com.br\/index.php\/portfolio\/neuropsicologia\/\" class=\"gt3_portfolio_list__title_link\"><h3 class=\"gt3_portfolio_list__title\">Neuropsicologia<\/h3><\/a><div class=\"gt3_portfolio_list__desc\">Entenda a mente humana e potencialize seu bem-estar<\/div><div class=\"gt3_portfolio_list__learn_more\"><a href=\"https:\/\/neuropsicolux.com.br\/index.php\/portfolio\/neuropsicologia\/\">Leia Mais<\/a><\/div><\/div><\/article><article class=\"gt3_portfolio_list__item span4 psychology training gt3_portfolio_list__item--image_native gt3_portfolio_list__item--2\"><div class=\"gt3_portfolio_list__image-holder\"><a href=\"https:\/\/neuropsicolux.com.br\/index.php\/portfolio\/terapias_interdisciplinares\/\" class=\"gt3_portfolio_list__image_link\"><div class=\"gt3_portfolio_list__image-placeholder\" style=\"padding-bottom:66.7333333333%;margin-bottom:-66.7333333333%;background-color:#858788;\"><\/div><img decoding=\"async\" src=\"https:\/\/neuropsicolux.com.br\/wp-content\/uploads\/2025\/02\/Parents-GettyImages-1400106238-f8e2ffd3d5c1484db2498666f329e9ac-370x246.jpg\" srcset=\"https:\/\/neuropsicolux.com.br\/wp-content\/uploads\/2025\/02\/Parents-GettyImages-1400106238-f8e2ffd3d5c1484db2498666f329e9ac-370x246.jpg 370w, https:\/\/neuropsicolux.com.br\/wp-content\/uploads\/2025\/02\/Parents-GettyImages-1400106238-f8e2ffd3d5c1484db2498666f329e9ac-297x198.jpg 297w, https:\/\/neuropsicolux.com.br\/wp-content\/uploads\/2025\/02\/Parents-GettyImages-1400106238-f8e2ffd3d5c1484db2498666f329e9ac-223x148.jpg 223w,https:\/\/neuropsicolux.com.br\/wp-content\/uploads\/2025\/02\/Parents-GettyImages-1400106238-f8e2ffd3d5c1484db2498666f329e9ac-420x280.jpg 420w\" sizes=\"(min-width: 1200px) 370px, (min-width: 992px) 297px, (min-width: 768px) 223px, (max-width: 600px) 420px\" alt=\"\" \/><\/a><\/div><div class=\"gt3_portfolio_list__content\"><a href=\"https:\/\/neuropsicolux.com.br\/index.php\/portfolio\/terapias_interdisciplinares\/\" class=\"gt3_portfolio_list__title_link\"><h3 class=\"gt3_portfolio_list__title\">Terapias Interdisciplinares<\/h3><\/a><div class=\"gt3_portfolio_list__desc\">A interdisciplinariedade \u00e9 um dos pilares fundamentais para o sucesso terap\u00eautico.<\/div><div class=\"gt3_portfolio_list__learn_more\"><a href=\"https:\/\/neuropsicolux.com.br\/index.php\/portfolio\/terapias_interdisciplinares\/\">Leia Mais<\/a><\/div><\/div><\/article><article class=\"gt3_portfolio_list__item span4 praticas tratamento gt3_portfolio_list__item--image_native gt3_portfolio_list__item--3\"><div class=\"gt3_portfolio_list__image-holder\"><a href=\"https:\/\/neuropsicolux.com.br\/index.php\/portfolio\/anamnese\/\" class=\"gt3_portfolio_list__image_link\"><div class=\"gt3_portfolio_list__image-placeholder\" style=\"padding-bottom:66.6666666667%;margin-bottom:-66.6666666667%;background-color:#A8ABB0;\"><\/div><img decoding=\"async\" src=\"https:\/\/neuropsicolux.com.br\/wp-content\/uploads\/2018\/02\/img_post_blog_01-370x246.jpg\" srcset=\"https:\/\/neuropsicolux.com.br\/wp-content\/uploads\/2018\/02\/img_post_blog_01-370x246.jpg 370w, https:\/\/neuropsicolux.com.br\/wp-content\/uploads\/2018\/02\/img_post_blog_01-297x198.jpg 297w, https:\/\/neuropsicolux.com.br\/wp-content\/uploads\/2018\/02\/img_post_blog_01-223x148.jpg 223w,https:\/\/neuropsicolux.com.br\/wp-content\/uploads\/2018\/02\/img_post_blog_01-420x280.jpg 420w\" sizes=\"(min-width: 1200px) 370px, (min-width: 992px) 297px, (min-width: 768px) 223px, (max-width: 600px) 420px\" alt=\"\" \/><\/a><\/div><div class=\"gt3_portfolio_list__content\"><a href=\"https:\/\/neuropsicolux.com.br\/index.php\/portfolio\/anamnese\/\" class=\"gt3_portfolio_list__title_link\"><h3 class=\"gt3_portfolio_list__title\">Anamnese<\/h3><\/a><div class=\"gt3_portfolio_list__desc\">A anamnese \u00e9 uma etapa fundamental no processo de diagn\u00f3stico e tratamento.<\/div><div class=\"gt3_portfolio_list__learn_more\"><a href=\"https:\/\/neuropsicolux.com.br\/index.php\/portfolio\/anamnese\/\">Leia Mais<\/a><\/div><\/div><\/article><\/div><\/div>[\/vc_column][\/vc_row][vc_row full_width=&#8221;stretch_row&#8221; parallax=&#8221;content-moving&#8221; parallax_image=&#8221;1303&#8243; css=&#8221;.vc_custom_1775747205148{margin-bottom: 0px !important;padding-top: 400px !important;padding-bottom: 73px !important;}&#8221;][vc_column width=&#8221;1\/4&#8243; offset=&#8221;vc_col-xs-12&#8243;][\/vc_column][vc_column width=&#8221;1\/4&#8243; offset=&#8221;vc_col-xs-12&#8243;][\/vc_column][vc_column width=&#8221;1\/4&#8243; offset=&#8221;vc_col-xs-12&#8243;][\/vc_column][vc_column width=&#8221;1\/4&#8243; offset=&#8221;vc_col-xs-12&#8243;][\/vc_column][\/vc_row][vc_row full_width=&#8221;stretch_row_content_no_spaces&#8221; equal_height=&#8221;yes&#8221; content_placement=&#8221;middle&#8221; css=&#8221;.vc_custom_1514292183498{margin-top: 0px !important;margin-bottom: 0px !important;padding-top: 0px !important;padding-bottom: 0px !important;background-color: #4eaac8 !important;}&#8221;][vc_column css_animation=&#8221;fadeInLeft&#8221; width=&#8221;1\/2&#8243; css=&#8221;.vc_custom_1514292629569{margin-top: 0px !important;margin-bottom: 0px !important;padding-top: 0px !important;padding-right: 30px !important;padding-bottom: 0px !important;padding-left: 30px !important;}&#8221; offset=&#8221;vc_col-lg-offset-2 vc_col-lg-4 vc_col-md-offset-2 vc_col-md-4 vc_col-sm-offset-0&#8243;][gt3_spacing height=&#8221;132px&#8221;][gt3_custom_text text_color=&#8221;#ffffff&#8221; font_size=&#8221;14&#8243; line_height=&#8221;171&#8243;]\n<div class=\"gt3_custom_text\" data-color=\"#ffffff\">\n<p><strong>MARQUE SUA CONSULTA<\/strong><\/div>\n<div class=\"gt3_spacing\"><\/div>\n[\/gt3_custom_text][gt3_spacing height=&#8221;15px&#8221;][gt3_custom_text text_color=&#8221;#ffffff&#8221; font_size=&#8221;36&#8243; line_height=&#8221;128&#8243;]\n<div class=\"gt3_custom_text\" data-color=\"#ffffff\">\n<p>Nos encontre no<span>\u00a0<\/span><strong>Mapa<\/strong><\/div>\n<div class=\"gt3_spacing\"><\/div>\n[\/gt3_custom_text][vc_separator color=&#8221;custom&#8221; align=&#8221;align_left&#8221; el_width=&#8221;75px&#8221; css=&#8221;.vc_custom_1514214173507{margin-bottom: 22px !important;}&#8221; accent_color=&#8221;rgba(255,255,255,0.4)&#8221;][gt3_custom_text text_color=&#8221;#ffffff&#8221; font_size=&#8221;18&#8243; line_height=&#8221;167&#8243;]<span>Uma equipe especializada em sa\u00fade mental, onde trabalhamos de modo integrado, o que garante assim um tratamento mais efetivo e direcionado a cada paciente que nos chega.<\/span>[\/gt3_custom_text][gt3_spacing height=&#8221;34px&#8221;][gt3_custom_text text_color=&#8221;#ffffff&#8221; font_size=&#8221;22&#8243; line_height=&#8221;150&#8243; use_theme_fonts=&#8221;&#8221; google_fonts_text=&#8221;font_family:Lato%3A100%2C100italic%2C300%2C300italic%2Cregular%2Citalic%2C700%2C700italic%2C900%2C900italic|font_style:400%20regular%3A400%3Anormal&#8221; responsive_font=&#8221;true&#8221; font_size_mobile=&#8221;17&#8243;]<i class=\"fa fa-map-marker\" style=\"margin-right: 18px;\"><\/i><span>R. Dona Elisa Fl\u00e1quer, 70 \u2013 Centro, Santo Andr\u00e9-SP<\/span>[\/gt3_custom_text][gt3_custom_text text_color=&#8221;#ffffff&#8221; font_size=&#8221;22&#8243; line_height=&#8221;150&#8243; use_theme_fonts=&#8221;&#8221; google_fonts_text=&#8221;font_family:Lato%3A100%2C100italic%2C300%2C300italic%2Cregular%2Citalic%2C700%2C700italic%2C900%2C900italic|font_style:400%20regular%3A400%3Anormal&#8221; responsive_font=&#8221;true&#8221; font_size_mobile=&#8221;17&#8243;]\n<h1><\/h1>\n[\/gt3_custom_text][gt3_custom_text text_color=&#8221;#ffffff&#8221; font_size=&#8221;22&#8243; line_height=&#8221;150&#8243; use_theme_fonts=&#8221;&#8221; google_fonts_text=&#8221;font_family:Lato%3A100%2C100italic%2C300%2C300italic%2Cregular%2Citalic%2C700%2C700italic%2C900%2C900italic|font_style:400%20regular%3A400%3Anormal&#8221; responsive_font=&#8221;true&#8221; font_size_mobile=&#8221;17&#8243;]<i class=\"fa fa-map-marker\" style=\"margin-right: 18px;\"><\/i><span>Av. Dr. Gast\u00e3o Vidigal, 1132 &#8211; Vila Leopoldina, S\u00e3o Paulo<\/span>[\/gt3_custom_text][gt3_spacing height=&#8221;26px&#8221;][gt3_custom_text text_color=&#8221;#ffffff&#8221; font_size=&#8221;22&#8243; line_height=&#8221;150&#8243; use_theme_fonts=&#8221;&#8221; google_fonts_text=&#8221;font_family:Lato%3A100%2C100italic%2C300%2C300italic%2Cregular%2Citalic%2C700%2C700italic%2C900%2C900italic|font_style:400%20regular%3A400%3Anormal&#8221; responsive_font=&#8221;true&#8221; font_size_mobile=&#8221;17&#8243;]<i class=\"fa fa-envelope\" style=\"margin-right: 18px;\"><\/i><span>sac@neuropsicolux.com.br<\/span>[\/gt3_custom_text][gt3_spacing height=&#8221;23px&#8221;][gt3_custom_text text_color=&#8221;#ffffff&#8221; font_size=&#8221;30&#8243; line_height=&#8221;150&#8243; responsive_font=&#8221;true&#8221; font_size_mobile=&#8221;24&#8243;]<span>Ligue:\u00a0<\/span><strong>11 94347-6881<\/strong>[\/gt3_custom_text][gt3_spacing height=&#8221;138px&#8221;][\/vc_column][vc_column css_animation=&#8221;fadeIn&#8221; width=&#8221;1\/2&#8243; css=&#8221;.vc_custom_1514291609349{margin-top: 0px !important;margin-bottom: 0px !important;padding-top: 0px !important;padding-bottom: 0px !important;}&#8221;][vc_raw_html css=&#8221;&#8221; el_class=&#8221;full_height_map&#8221;]JTNDaWZyYW1lJTIwc3JjJTNEJTIyaHR0cHMlM0ElMkYlMkZ3d3cuZ29vZ2xlLmNvbSUyRm1hcHMlMkZlbWJlZCUzRnBiJTNEJTIxMW0xOCUyMTFtMTIlMjExbTMlMjExZDM2NTguMDk2NjE5NDkwNjMxNCUyMTJkLTQ2Ljc0MjMzOTcyMzkxNTI1JTIxM2QtMjMuNTI5MDI3MDYwNDA2NTMlMjEybTMlMjExZjAlMjEyZjAlMjEzZjAlMjEzbTIlMjExaTEwMjQlMjEyaTc2OCUyMTRmMTMuMSUyMTNtMyUyMTFtMiUyMTFzMHg5NGNlZjkzMjVmMWNkYzBkJTI1M0EweDQyNTY4NjYzZGIwYzEzNyUyMTJzQ2wlMjVDMyUyNUFEbmljYSUyNTIwTmV1cm9wc2ljb2x1eCUyNTIwLSUyNTIwUHNpY29sb2dpYSUyNTJDJTI1MjBOZXVyb3BzaWNvbG9naWElMjUyMGUlMjUyMEFCQSUyNTIwZW0lMjUyMFMlMjVDMyUyNUEzbyUyNTIwUGF1bG8lMjE1ZTAlMjEzbTIlMjExc3B0LUJSJTIxMnNiciUyMTR2MTc3NTc0NDI5NTIyMiUyMTVtMiUyMTFzcHQtQlIlMjEyc2JyJTIyJTIwd2lkdGglM0QlMjI2MDAlMjIlMjBoZWlnaHQlM0QlMjI0NTAlMjIlMjBzdHlsZSUzRCUyMmJvcmRlciUzQTAlM0IlMjIlMjBhbGxvd2Z1bGxzY3JlZW4lM0QlMjIlMjIlMjBsb2FkaW5nJTNEJTIybGF6eSUyMiUyMHJlZmVycmVycG9saWN5JTNEJTIybm8tcmVmZXJyZXItd2hlbi1kb3duZ3JhZGUlMjIlM0UlM0MlMkZpZnJhbWUlM0UlMEElMEElM0NpZnJhbWUlMjBzcmMlM0QlMjJodHRwcyUzQSUyRiUyRnd3dy5nb29nbGUuY29tJTJGbWFwcyUyRmVtYmVkJTNGcGIlM0QlMjExbTE4JTIxMW0xMiUyMTFtMyUyMTFkMzY1NC40OTA1NjE1MjY1NjkzJTIxMmQtNDYuNTMyNjM2NjIzOTExNTUlMjEzZC0yMy42NTg0MDg2NjUxNjYyMSUyMTJtMyUyMTFmMCUyMTJmMCUyMTNmMCUyMTNtMiUyMTFpMTAyNCUyMTJpNzY4JTIxNGYxMy4xJTIxM20zJTIxMW0yJTIxMXMweDk0Y2U0MjhlYTJiMDAwMDElMjUzQTB4NWE1OTA4MWVkMGJhYmRiNyUyMTJzQ2wlMjVDMyUyNUFEbmljYSUyNTIwTmV1cm9wc2ljb2x1eCUyNTIwLSUyNTIwUHNpYyUyNUMzJTI1QjNsb2dhJTI1MjBMdWNpYW5hJTI1MjBYYXZpZXIlMjE1ZTAlMjEzbTIlMjExc3B0LUJSJTIxMnNiciUyMTR2MTc3NTc0NDMyNjA1NiUyMTVtMiUyMTFzcHQtQlIlMjEyc2JyJTIyJTIwd2lkdGglM0QlMjI2MDAlMjIlMjBoZWlnaHQlM0QlMjI0NTAlMjIlMjBzdHlsZSUzRCUyMmJvcmRlciUzQTAlM0IlMjIlMjBhbGxvd2Z1bGxzY3JlZW4lM0QlMjIlMjIlMjBsb2FkaW5nJTNEJTIybGF6eSUyMiUyMHJlZmVycmVycG9saWN5JTNEJTIybm8tcmVmZXJyZXItd2hlbi1kb3duZ3JhZGUlMjIlM0UlM0MlMkZpZnJhbWUlM0U=[\/vc_raw_html][\/vc_column][\/vc_row]\n<\/div>","protected":false},"excerpt":{"rendered":"<p>[vc_row full_height=&#8221;yes&#8221; css=&#8221;.vc_custom_1775747958936{margin-top: -100px !important;margin-right: 0px !important;margin-bottom: 0px !important;margin-left: 0px !important;border-bottom-width: -50px !important;background-image: url(https:\/\/neuropsicolux.com.br\/wp-content\/uploads\/2025\/02\/points-1.png?id=1254) !important;background-position: center !important;background-repeat: no-repeat !important;background-size: cover !important;}&#8221;][vc_column css=&#8221;.vc_custom_1775747782880{margin-top: 0px !important;margin-right: 0px !important;margin-bottom: 0px !important;margin-left: 0px !important;padding-top: 0px !important;padding-right: 0px !important;padding-bottom: 0px !important;padding-left: 0px !important;background-position: 0 0 !important;background-repeat: no-repeat !important;}&#8221;][gt3_spacing height=&#8221;175px&#8221; responsive_es=&#8221;true&#8221; height_mobile=&#8221;100&#8243;][gt3_custom_text css_animation=&#8221;fadeInUp&#8221; text_color=&#8221;#DD9933&#8243; font_size=&#8221;20&#8243; line_height=&#8221;172&#8243; use_theme_fonts=&#8221;&#8221; google_fonts_text=&#8221;font_family:Lato%3A100%2C100italic%2C300%2C300italic%2Cregular%2Citalic%2C700%2C700italic%2C900%2C900italic|font_style:700%20bold%20regular%3A700%3Anormal&#8221;]ABORDAGEM INTERDISCIPLINAR[\/gt3_custom_text][gt3_spacing height=&#8221;11px&#8221;][gt3_custom_text css_animation=&#8221;fadeInUp&#8221; [&hellip;]<\/p>\n","protected":false},"author":1,"featured_media":1254,"parent":0,"menu_order":0,"comment_status":"closed","ping_status":"closed","template":"full-width.php","meta":{"_et_pb_use_builder":"","_et_pb_old_content":"","_et_gb_content_width":"","footnotes":""},"class_list":["post-39","page","type-page","status-publish","has-post-thumbnail","hentry"],"_links":{"self":[{"href":"https:\/\/neuropsicolux.com.br\/index.php\/wp-json\/wp\/v2\/pages\/39","targetHints":{"allow":["GET"]}}],"collection":[{"href":"https:\/\/neuropsicolux.com.br\/index.php\/wp-json\/wp\/v2\/pages"}],"about":[{"href":"https:\/\/neuropsicolux.com.br\/index.php\/wp-json\/wp\/v2\/types\/page"}],"author":[{"embeddable":true,"href":"https:\/\/neuropsicolux.com.br\/index.php\/wp-json\/wp\/v2\/users\/1"}],"replies":[{"embeddable":true,"href":"https:\/\/neuropsicolux.com.br\/index.php\/wp-json\/wp\/v2\/comments?post=39"}],"version-history":[{"count":24,"href":"https:\/\/neuropsicolux.com.br\/index.php\/wp-json\/wp\/v2\/pages\/39\/revisions"}],"predecessor-version":[{"id":1882,"href":"https:\/\/neuropsicolux.com.br\/index.php\/wp-json\/wp\/v2\/pages\/39\/revisions\/1882"}],"wp:featuredmedia":[{"embeddable":true,"href":"https:\/\/neuropsicolux.com.br\/index.php\/wp-json\/wp\/v2\/media\/1254"}],"wp:attachment":[{"href":"https:\/\/neuropsicolux.com.br\/index.php\/wp-json\/wp\/v2\/media?parent=39"}],"curies":[{"name":"wp","href":"https:\/\/api.w.org\/{rel}","templated":true}]}}